{"id":216,"date":"2018-08-05T07:06:44","date_gmt":"2018-08-05T07:06:44","guid":{"rendered":"http:\/\/parcindustrialnordcarei.ro\/?page_id=216"},"modified":"2018-08-05T07:51:22","modified_gmt":"2018-08-05T07:51:22","slug":"home","status":"publish","type":"page","link":"http:\/\/parcindustrialnordcarei.ro\/de\/home\/","title":{"rendered":"(Rom\u00e2n\u0103) Home-cu tabele"},"content":{"rendered":"<p class=\"qtranxs-available-languages-message qtranxs-available-languages-message-de\">Leider ist der Eintrag nur auf <a href=\"http:\/\/parcindustrialnordcarei.ro\/ro\/wp-json\/wp\/v2\/pages\/216\" class=\"qtranxs-available-language-link qtranxs-available-language-link-ro\" title=\"Rom\u00e2n\u0103\">Rom\u00e2n\u0103<\/a> und <a href=\"http:\/\/parcindustrialnordcarei.ro\/en\/wp-json\/wp\/v2\/pages\/216\" class=\"qtranxs-available-language-link qtranxs-available-language-link-en\" title=\"English\">English<\/a> verf\u00fcgbar.<\/p>","protected":false},"excerpt":{"rendered":"<p>Leider ist der Eintrag nur auf Rom\u00e2n\u0103 und English verf\u00fcgbar.<\/p>\n","protected":false},"author":1,"featured_media":0,"parent":0,"menu_order":0,"comment_status":"closed","ping_status":"closed","template":"","meta":{"footnotes":""},"class_list":["post-216","page","type-page","status-publish","hentry"],"_links":{"self":[{"href":"http:\/\/parcindustrialnordcarei.ro\/de\/wp-json\/wp\/v2\/pages\/216","targetHints":{"allow":["GET"]}}],"collection":[{"href":"http:\/\/parcindustrialnordcarei.ro\/de\/wp-json\/wp\/v2\/pages"}],"about":[{"href":"http:\/\/parcindustrialnordcarei.ro\/de\/wp-json\/wp\/v2\/types\/page"}],"author":[{"embeddable":true,"href":"http:\/\/parcindustrialnordcarei.ro\/de\/wp-json\/wp\/v2\/users\/1"}],"replies":[{"embeddable":true,"href":"http:\/\/parcindustrialnordcarei.ro\/de\/wp-json\/wp\/v2\/comments?post=216"}],"version-history":[{"count":45,"href":"http:\/\/parcindustrialnordcarei.ro\/de\/wp-json\/wp\/v2\/pages\/216\/revisions"}],"predecessor-version":[{"id":273,"href":"http:\/\/parcindustrialnordcarei.ro\/de\/wp-json\/wp\/v2\/pages\/216\/revisions\/273"}],"wp:attachment":[{"href":"http:\/\/parcindustrialnordcarei.ro\/de\/wp-json\/wp\/v2\/media?parent=216"}],"curies":[{"name":"wp","href":"https:\/\/api.w.org\/{rel}","templated":true}]}}